{"id":25,"date":"2016-12-21T21:17:52","date_gmt":"2016-12-21T20:17:52","guid":{"rendered":"https:\/\/www.speculoos.gratis\/?page_id=25"},"modified":"2016-12-23T15:29:42","modified_gmt":"2016-12-23T14:29:42","slug":"accueil","status":"publish","type":"page","link":"https:\/\/www.speculoos.gratis\/","title":{"rendered":"Avertissement"},"content":{"rendered":"<p>Bienvenue sur SpeculoOS.GRATIS !<br \/>\nLe contenu de ce site n&rsquo;est sans doute appropri\u00e9 pour personne dans aucune situation.<\/p>\n<p>En continuant sur ce site, vous en acceptez toutes les cons\u00e9quences et d\u00e9gagez les auteurs de toute responsabilit\u00e9.<\/p>\n<p>Le site n&rsquo;est pas encore tout \u00e0 fait cuit et il doit rester des grumeaux par-ci, par-l\u00e0. Nous nous en excusons.<\/p>\n","protected":false},"excerpt":{"rendered":"<p>Bienvenue sur SpeculoOS.GRATIS ! Le contenu de ce site n&rsquo;est sans doute appropri\u00e9 pour personne dans aucune situation. En continuant sur ce site, vous en acceptez toutes les cons\u00e9quences et d\u00e9gagez les auteurs de toute responsabilit\u00e9. Le site n&rsquo;est pas encore tout \u00e0 fait cuit et il doit rester des grumeaux par-ci, par-l\u00e0. Nous nous &hellip; <\/p>\n<p class=\"link-more\"><a href=\"https:\/\/www.speculoos.gratis\/\" class=\"more-link\">Continuer la lecture<span class=\"screen-reader-text\"> de &laquo;&nbsp;Avertissement&nbsp;&raquo;<\/span><\/a><\/p>\n","protected":false},"author":1,"featured_media":135,"parent":0,"menu_order":0,"comment_status":"closed","ping_status":"closed","template":"","meta":{"footnotes":""},"class_list":["post-25","page","type-page","status-publish","has-post-thumbnail","hentry"],"_links":{"self":[{"href":"https:\/\/www.speculoos.gratis\/index.php?rest_route=\/wp\/v2\/pages\/25","targetHints":{"allow":["GET"]}}],"collection":[{"href":"https:\/\/www.speculoos.gratis\/index.php?rest_route=\/wp\/v2\/pages"}],"about":[{"href":"https:\/\/www.speculoos.gratis\/index.php?rest_route=\/wp\/v2\/types\/page"}],"author":[{"embeddable":true,"href":"https:\/\/www.speculoos.gratis\/index.php?rest_route=\/wp\/v2\/users\/1"}],"replies":[{"embeddable":true,"href":"https:\/\/www.speculoos.gratis\/index.php?rest_route=%2Fwp%2Fv2%2Fcomments&post=25"}],"version-history":[{"count":6,"href":"https:\/\/www.speculoos.gratis\/index.php?rest_route=\/wp\/v2\/pages\/25\/revisions"}],"predecessor-version":[{"id":160,"href":"https:\/\/www.speculoos.gratis\/index.php?rest_route=\/wp\/v2\/pages\/25\/revisions\/160"}],"wp:featuredmedia":[{"embeddable":true,"href":"https:\/\/www.speculoos.gratis\/index.php?rest_route=\/wp\/v2\/media\/135"}],"wp:attachment":[{"href":"https:\/\/www.speculoos.gratis\/index.php?rest_route=%2Fwp%2Fv2%2Fmedia&parent=25"}],"curies":[{"name":"wp","href":"https:\/\/api.w.org\/{rel}","templated":true}]}}